{"id":2817,"date":"2025-03-16T10:56:48","date_gmt":"2025-03-16T10:56:48","guid":{"rendered":"https:\/\/unizones.dev2.tqnia.me\/biz-bilen-habarlasyn\/"},"modified":"2025-05-27T13:22:59","modified_gmt":"2025-05-27T13:22:59","slug":"biz-bilen-habarlasyn","status":"publish","type":"page","link":"https:\/\/unizones.dev2.tqnia.me\/tur\/biz-bilen-habarlasyn\/","title":{"rendered":"Biz bilen habarla\u015fy\u0148"},"content":{"rendered":"\t\t<div data-elementor-type=\"wp-page\" data-elementor-id=\"2817\" class=\"elementor elementor-2817 elementor-8\" data-elementor-post-type=\"page\">\n\t\t\t\t<div class=\"elementor-element elementor-element-b1fa5bf e-flex e-con-boxed e-con e-parent\" data-id=\"b1fa5bf\" data-element_type=\"container\" data-e-type=\"container\" data-settings=\"{&quot;background_background&quot;:&quot;classic&quot;,&quot;jet_parallax_layout_list&quot;:[]}\">\n\t\t\t\t\t<div class=\"e-con-inner\">\n\t\t\t\t<div class=\"elementor-element elementor-element-19389e9 elementor-widget elementor-widget-spacer\" data-id=\"19389e9\" data-element_type=\"widget\" data-e-type=\"widget\" data-widget_type=\"spacer.default\">\n\t\t\t\t<div class=\"elementor-widget-container\">\n\t\t\t\t\t\t\t<div class=\"elementor-spacer\">\n\t\t\t<div class=\"elementor-spacer-inner\"><\/div>\n\t\t<\/div>\n\t\t\t\t\t\t<\/div>\n\t\t\t\t<\/div>\n\t\t\t\t\t<\/div>\n\t\t\t\t<\/div>\n\t\t<div class=\"elementor-element elementor-element-739c7d2 e-flex e-con-boxed e-con e-parent\" data-id=\"739c7d2\" data-element_type=\"container\" data-e-type=\"container\" data-settings=\"{&quot;jet_parallax_layout_list&quot;:[]}\">\n\t\t\t\t\t<div class=\"e-con-inner\">\n\t\t<div class=\"elementor-element elementor-element-97a42ac e-con-full e-flex e-con e-child\" data-id=\"97a42ac\" data-element_type=\"container\" data-e-type=\"container\" data-settings=\"{&quot;background_background&quot;:&quot;classic&quot;,&quot;jet_parallax_layout_list&quot;:[]}\">\n\t\t<div class=\"elementor-element elementor-element-b1c7594 e-con-full e-flex e-con e-child\" data-id=\"b1c7594\" data-element_type=\"container\" data-e-type=\"container\" data-settings=\"{&quot;jet_parallax_layout_list&quot;:[]}\">\n\t\t\t\t<div class=\"elementor-element elementor-element-910a8da elementor-position-top elementor-widget elementor-widget-image-box\" data-id=\"910a8da\" data-element_type=\"widget\" data-e-type=\"widget\" data-widget_type=\"image-box.default\">\n\t\t\t\t<div class=\"elementor-widget-container\">\n\t\t\t\t\t<div class=\"elementor-image-box-wrapper\"><figure class=\"elementor-image-box-img\"><img decoding=\"async\" width=\"166\" height=\"164\" src=\"https:\/\/unizones.dev2.tqnia.me\/wp-content\/uploads\/2025\/03\/Email.png\" class=\"attachment-full size-full wp-image-33\" alt=\"\" \/><\/figure><div class=\"elementor-image-box-content\"><h3 class=\"elementor-image-box-title\">e-po\u00e7ta<\/h3><p class=\"elementor-image-box-description\">info@unizones.com<\/p><\/div><\/div>\t\t\t\t<\/div>\n\t\t\t\t<\/div>\n\t\t\t\t<\/div>\n\t\t<div class=\"elementor-element elementor-element-ef91fb9 e-con-full e-flex e-con e-child\" data-id=\"ef91fb9\" data-element_type=\"container\" data-e-type=\"container\" data-settings=\"{&quot;jet_parallax_layout_list&quot;:[]}\">\n\t\t\t\t<div class=\"elementor-element elementor-element-91492a9 elementor-position-top elementor-widget elementor-widget-image-box\" data-id=\"91492a9\" data-element_type=\"widget\" data-e-type=\"widget\" data-widget_type=\"image-box.default\">\n\t\t\t\t<div class=\"elementor-widget-container\">\n\t\t\t\t\t<div class=\"elementor-image-box-wrapper\"><figure class=\"elementor-image-box-img\"><img decoding=\"async\" width=\"166\" height=\"164\" src=\"https:\/\/unizones.dev2.tqnia.me\/wp-content\/uploads\/2025\/03\/Phone.png\" class=\"attachment-full size-full wp-image-37\" alt=\"\" \/><\/figure><div class=\"elementor-image-box-content\"><h3 class=\"elementor-image-box-title\">J\u00fcbi belgisi<\/h3><p class=\"elementor-image-box-description\">00905347274508<\/p><\/div><\/div>\t\t\t\t<\/div>\n\t\t\t\t<\/div>\n\t\t\t\t<\/div>\n\t\t<div class=\"elementor-element elementor-element-b82389c e-con-full e-flex e-con e-child\" data-id=\"b82389c\" data-element_type=\"container\" data-e-type=\"container\" data-settings=\"{&quot;jet_parallax_layout_list&quot;:[]}\">\n\t\t\t\t<div class=\"elementor-element elementor-element-2f66a57 elementor-position-top elementor-widget elementor-widget-image-box\" data-id=\"2f66a57\" data-element_type=\"widget\" data-e-type=\"widget\" data-widget_type=\"image-box.default\">\n\t\t\t\t<div class=\"elementor-widget-container\">\n\t\t\t\t\t<div class=\"elementor-image-box-wrapper\"><figure class=\"elementor-image-box-img\"><img decoding=\"async\" width=\"166\" height=\"164\" src=\"https:\/\/unizones.dev2.tqnia.me\/wp-content\/uploads\/2025\/03\/Location.png\" class=\"attachment-full size-full wp-image-38\" alt=\"\" \/><\/figure><div class=\"elementor-image-box-content\"><h3 class=\"elementor-image-box-title\">sahypa<\/h3><p class=\"elementor-image-box-description\">Zafer mah 185.sok Babacan premium sitesi b Blook no: 4b daire 145 Esenyurt, Stambul, Turkuy \n<\/p><\/div><\/div>\t\t\t\t<\/div>\n\t\t\t\t<\/div>\n\t\t\t\t<\/div>\n\t\t\t\t<\/div>\n\t\t\t\t\t<\/div>\n\t\t\t\t<\/div>\n\t\t<div class=\"elementor-element elementor-element-93777b2 e-flex e-con-boxed e-con e-parent\" data-id=\"93777b2\" data-element_type=\"container\" data-e-type=\"container\" data-settings=\"{&quot;jet_parallax_layout_list&quot;:[]}\">\n\t\t\t\t\t<div class=\"e-con-inner\">\n\t\t<div class=\"elementor-element elementor-element-6c6ac08 e-con-full e-flex e-con e-child\" data-id=\"6c6ac08\" data-element_type=\"container\" data-e-type=\"container\" data-settings=\"{&quot;jet_parallax_layout_list&quot;:[]}\">\n\t\t\t\t<div class=\"elementor-element elementor-element-e3b45e9 elementor-widget elementor-widget-google_maps\" data-id=\"e3b45e9\" data-element_type=\"widget\" data-e-type=\"widget\" data-widget_type=\"google_maps.default\">\n\t\t\t\t<div class=\"elementor-widget-container\">\n\t\t\t\t\t\t\t<div class=\"elementor-custom-embed\">\n\t\t\t<iframe loading=\"lazy\"\n\t\t\t\t\tsrc=\"https:\/\/maps.google.com\/maps?q=Zafer%20mah%20185.sok%20Babacan%20premium%20sitesi%20b%20Blook%20no%3A%204b%20daire%20145%20Esenyurt%2C%20Istanbul%2C%20Turkuy&#038;t=m&#038;z=13&#038;output=embed&#038;iwloc=near\"\n\t\t\t\t\ttitle=\"Zafer mah 185.sok Babacan premium sitesi b Blook no: 4b daire 145 Esenyurt, Istanbul, Turkuy\"\n\t\t\t\t\taria-label=\"Zafer mah 185.sok Babacan premium sitesi b Blook no: 4b daire 145 Esenyurt, Istanbul, Turkuy\"\n\t\t\t><\/iframe>\n\t\t<\/div>\n\t\t\t\t\t\t<\/div>\n\t\t\t\t<\/div>\n\t\t\t\t<\/div>\n\t\t<div class=\"elementor-element elementor-element-f21d921 e-con-full e-flex e-con e-child\" data-id=\"f21d921\" data-element_type=\"container\" data-e-type=\"container\" data-settings=\"{&quot;jet_parallax_layout_list&quot;:[]}\">\n\t\t\t\t<div class=\"elementor-element elementor-element-23f87d0 elementor-widget elementor-widget-heading\" data-id=\"23f87d0\" data-element_type=\"widget\" data-e-type=\"widget\" data-widget_type=\"heading.default\">\n\t\t\t\t<div class=\"elementor-widget-container\">\n\t\t\t\t\t<h2 class=\"elementor-heading-title elementor-size-default\">I\u015f wagty<\/h2>\t\t\t\t<\/div>\n\t\t\t\t<\/div>\n\t\t<div class=\"elementor-element elementor-element-8ffd937 e-con-full e-flex e-con e-child\" data-id=\"8ffd937\" data-element_type=\"container\" data-e-type=\"container\" data-settings=\"{&quot;jet_parallax_layout_list&quot;:[]}\">\n\t\t\t\t<div class=\"elementor-element elementor-element-98f1883 elementor-position-right elementor-vertical-align-top elementor-widget elementor-widget-image-box\" data-id=\"98f1883\" data-element_type=\"widget\" data-e-type=\"widget\" data-widget_type=\"image-box.default\">\n\t\t\t\t<div class=\"elementor-widget-container\">\n\t\t\t\t\t<div class=\"elementor-image-box-wrapper\"><figure class=\"elementor-image-box-img\"><img loading=\"lazy\" decoding=\"async\" width=\"52\" height=\"50\" src=\"https:\/\/unizones.dev2.tqnia.me\/wp-content\/uploads\/2025\/03\/Clock.png\" class=\"attachment-full size-full wp-image-48\" alt=\"\" \/><\/figure><div class=\"elementor-image-box-content\"><p class=\"elementor-image-box-title\">Du\u015fenbe - Juma<\/p><p class=\"elementor-image-box-description\">8 AM - 5 PM<\/p><\/div><\/div>\t\t\t\t<\/div>\n\t\t\t\t<\/div>\n\t\t\t\t<div class=\"elementor-element elementor-element-dbd9bd3 elementor-position-right elementor-vertical-align-top elementor-widget elementor-widget-image-box\" data-id=\"dbd9bd3\" data-element_type=\"widget\" data-e-type=\"widget\" data-widget_type=\"image-box.default\">\n\t\t\t\t<div class=\"elementor-widget-container\">\n\t\t\t\t\t<div class=\"elementor-image-box-wrapper\"><figure class=\"elementor-image-box-img\"><img loading=\"lazy\" decoding=\"async\" width=\"52\" height=\"50\" src=\"https:\/\/unizones.dev2.tqnia.me\/wp-content\/uploads\/2025\/03\/Clock.png\" class=\"attachment-full size-full wp-image-48\" alt=\"\" \/><\/figure><div class=\"elementor-image-box-content\"><p class=\"elementor-image-box-title\">\u015eenbe - Sundayek\u015fenbe<\/p><p class=\"elementor-image-box-description\">10 AM - 2 PM<\/p><\/div><\/div>\t\t\t\t<\/div>\n\t\t\t\t<\/div>\n\t\t\t\t<div class=\"elementor-element elementor-element-3b3708d elementor-position-right elementor-vertical-align-top elementor-widget elementor-widget-image-box\" data-id=\"3b3708d\" data-element_type=\"widget\" data-e-type=\"widget\" data-widget_type=\"image-box.default\">\n\t\t\t\t<div class=\"elementor-widget-container\">\n\t\t\t\t\t<div class=\"elementor-image-box-wrapper\"><figure class=\"elementor-image-box-img\"><img loading=\"lazy\" decoding=\"async\" width=\"52\" height=\"50\" src=\"https:\/\/unizones.dev2.tqnia.me\/wp-content\/uploads\/2025\/03\/Clock.png\" class=\"attachment-full size-full wp-image-48\" alt=\"\" \/><\/figure><div class=\"elementor-image-box-content\"><p class=\"elementor-image-box-title\">Du\u015fenbe - Juma<\/p><p class=\"elementor-image-box-description\">8 AM - 5 PM<\/p><\/div><\/div>\t\t\t\t<\/div>\n\t\t\t\t<\/div>\n\t\t\t\t<div class=\"elementor-element elementor-element-a392c27 elementor-position-right elementor-vertical-align-top elementor-widget elementor-widget-image-box\" data-id=\"a392c27\" data-element_type=\"widget\" data-e-type=\"widget\" data-widget_type=\"image-box.default\">\n\t\t\t\t<div class=\"elementor-widget-container\">\n\t\t\t\t\t<div class=\"elementor-image-box-wrapper\"><figure class=\"elementor-image-box-img\"><img loading=\"lazy\" decoding=\"async\" width=\"52\" height=\"50\" src=\"https:\/\/unizones.dev2.tqnia.me\/wp-content\/uploads\/2025\/03\/Clock.png\" class=\"attachment-full size-full wp-image-48\" alt=\"\" \/><\/figure><div class=\"elementor-image-box-content\"><p class=\"elementor-image-box-title\">\u015eenbe - Sundayek\u015fenbe<\/p><p class=\"elementor-image-box-description\">10 AM - 2 PM<\/p><\/div><\/div>\t\t\t\t<\/div>\n\t\t\t\t<\/div>\n\t\t\t\t<div class=\"elementor-element elementor-element-bde2bba elementor-position-right elementor-vertical-align-top elementor-widget elementor-widget-image-box\" data-id=\"bde2bba\" data-element_type=\"widget\" data-e-type=\"widget\" data-widget_type=\"image-box.default\">\n\t\t\t\t<div class=\"elementor-widget-container\">\n\t\t\t\t\t<div class=\"elementor-image-box-wrapper\"><figure class=\"elementor-image-box-img\"><img loading=\"lazy\" decoding=\"async\" width=\"52\" height=\"50\" src=\"https:\/\/unizones.dev2.tqnia.me\/wp-content\/uploads\/2025\/03\/Clock.png\" class=\"attachment-full size-full wp-image-48\" alt=\"\" \/><\/figure><div class=\"elementor-image-box-content\"><p class=\"elementor-image-box-title\">Du\u015fenbe - Juma<\/p><p class=\"elementor-image-box-description\">8 AM - 5 PM<\/p><\/div><\/div>\t\t\t\t<\/div>\n\t\t\t\t<\/div>\n\t\t\t\t<div class=\"elementor-element elementor-element-4907064 elementor-position-right elementor-vertical-align-top elementor-widget elementor-widget-image-box\" data-id=\"4907064\" data-element_type=\"widget\" data-e-type=\"widget\" data-widget_type=\"image-box.default\">\n\t\t\t\t<div class=\"elementor-widget-container\">\n\t\t\t\t\t<div class=\"elementor-image-box-wrapper\"><figure class=\"elementor-image-box-img\"><img loading=\"lazy\" decoding=\"async\" width=\"52\" height=\"50\" src=\"https:\/\/unizones.dev2.tqnia.me\/wp-content\/uploads\/2025\/03\/Clock.png\" class=\"attachment-full size-full wp-image-48\" alt=\"\" \/><\/figure><div class=\"elementor-image-box-content\"><p class=\"elementor-image-box-title\">\u015eenbe - Sundayek\u015fenbe<\/p><p class=\"elementor-image-box-description\">10 AM - 2 PM<\/p><\/div><\/div>\t\t\t\t<\/div>\n\t\t\t\t<\/div>\n\t\t\t\t<div class=\"elementor-element elementor-element-bcfa6bb elementor-position-right elementor-vertical-align-top elementor-widget elementor-widget-image-box\" data-id=\"bcfa6bb\" data-element_type=\"widget\" data-e-type=\"widget\" data-widget_type=\"image-box.default\">\n\t\t\t\t<div class=\"elementor-widget-container\">\n\t\t\t\t\t<div class=\"elementor-image-box-wrapper\"><figure class=\"elementor-image-box-img\"><img loading=\"lazy\" decoding=\"async\" width=\"52\" height=\"50\" src=\"https:\/\/unizones.dev2.tqnia.me\/wp-content\/uploads\/2025\/03\/Clock.png\" class=\"attachment-full size-full wp-image-48\" alt=\"\" \/><\/figure><div class=\"elementor-image-box-content\"><p class=\"elementor-image-box-title\">Du\u015fenbe - Juma<\/p><p class=\"elementor-image-box-description\">8 AM - 5 PM<\/p><\/div><\/div>\t\t\t\t<\/div>\n\t\t\t\t<\/div>\n\t\t\t\t<\/div>\n\t\t\t\t<\/div>\n\t\t\t\t\t<\/div>\n\t\t\t\t<\/div>\n\t\t<div class=\"elementor-element elementor-element-52feb81 e-flex e-con-boxed e-con e-parent\" data-id=\"52feb81\" data-element_type=\"container\" data-e-type=\"container\" data-settings=\"{&quot;jet_parallax_layout_list&quot;:[]}\">\n\t\t\t\t\t<div class=\"e-con-inner\">\n\t\t<div class=\"elementor-element elementor-element-80a33fb e-con-full e-flex e-con e-child\" data-id=\"80a33fb\" data-element_type=\"container\" data-e-type=\"container\" data-settings=\"{&quot;background_background&quot;:&quot;classic&quot;,&quot;jet_parallax_layout_list&quot;:[]}\">\n\t\t\t\t<div class=\"elementor-element elementor-element-75f4681 elementor-widget elementor-widget-heading\" data-id=\"75f4681\" data-element_type=\"widget\" data-e-type=\"widget\" data-widget_type=\"heading.default\">\n\t\t\t\t<div class=\"elementor-widget-container\">\n\t\t\t\t\t<h2 class=\"elementor-heading-title elementor-size-default\">A\u015fakdaky blankany doldurmagy\u0148yzy ha\u00fdy\u015f ed\u00fd\u00e4ris we biz sizi\u0148 bilen habarla\u015farys.<\/h2>\t\t\t\t<\/div>\n\t\t\t\t<\/div>\n\t\t\t\t<div class=\"elementor-element elementor-element-dc8a987 elementor-widget elementor-widget-spacer\" data-id=\"dc8a987\" data-element_type=\"widget\" data-e-type=\"widget\" data-widget_type=\"spacer.default\">\n\t\t\t\t<div class=\"elementor-widget-container\">\n\t\t\t\t\t\t\t<div class=\"elementor-spacer\">\n\t\t\t<div class=\"elementor-spacer-inner\"><\/div>\n\t\t<\/div>\n\t\t\t\t\t\t<\/div>\n\t\t\t\t<\/div>\n\t\t\t\t<div class=\"elementor-element elementor-element-acba9d2 elementor-button-align-end elementor-widget elementor-widget-form\" data-id=\"acba9d2\" data-element_type=\"widget\" data-e-type=\"widget\" data-settings=\"{&quot;step_next_label&quot;:&quot;indiki&quot;,&quot;step_previous_label&quot;:&quot;\\u00f6\\u0148ki&quot;,&quot;button_width&quot;:&quot;100&quot;,&quot;step_type&quot;:&quot;number_text&quot;,&quot;step_icon_shape&quot;:&quot;circle&quot;}\" data-widget_type=\"form.default\">\n\t\t\t\t<div class=\"elementor-widget-container\">\n\t\t\t\t\t\t\t<form class=\"elementor-form\" method=\"post\" name=\"T\u00e4ze g\u00f6rn\u00fc\u015f\">\n\t\t\t<input type=\"hidden\" name=\"post_id\" value=\"2817\"\/>\n\t\t\t<input type=\"hidden\" name=\"form_id\" value=\"acba9d2\"\/>\n\t\t\t<input type=\"hidden\" name=\"referer_title\" value=\"Biz bilen habarla\u015fy\u0148\" \/>\n\n\t\t\t\t\t\t\t<input type=\"hidden\" name=\"queried_id\" value=\"2817\"\/>\n\t\t\t\n\t\t\t<div class=\"elementor-form-fields-wrapper elementor-labels-above\">\n\t\t\t\t\t\t\t\t<div class=\"elementor-field-type-text elementor-field-group elementor-column elementor-field-group-frist_name elementor-col-50\">\n\t\t\t\t\t\t\t\t\t\t\t\t<label for=\"form-field-frist_name\" class=\"elementor-field-label\">\n\t\t\t\t\t\t\t\tady\t\t\t\t\t\t\t<\/label>\n\t\t\t\t\t\t\t\t\t\t\t\t\t\t<input size=\"1\" type=\"text\" name=\"form_fields[frist_name]\" id=\"form-field-frist_name\" class=\"elementor-field elementor-size-sm  elementor-field-textual\" placeholder=\"Adyny girizi\u0148\">\n\t\t\t\t\t\t\t\t\t\t\t<\/div>\n\t\t\t\t\t\t\t\t<div class=\"elementor-field-type-text elementor-field-group elementor-column elementor-field-group-last_name elementor-col-50\">\n\t\t\t\t\t\t\t\t\t\t\t\t<label for=\"form-field-last_name\" class=\"elementor-field-label\">\n\t\t\t\t\t\t\t\tFamili\u00fdasy\t\t\t\t\t\t\t<\/label>\n\t\t\t\t\t\t\t\t\t\t\t\t\t\t<input size=\"1\" type=\"text\" name=\"form_fields[last_name]\" id=\"form-field-last_name\" class=\"elementor-field elementor-size-sm  elementor-field-textual\" placeholder=\"Famili\u00fda \u00fdazy\u0148\">\n\t\t\t\t\t\t\t\t\t\t\t<\/div>\n\t\t\t\t\t\t\t\t<div class=\"elementor-field-type-email elementor-field-group elementor-column elementor-field-group-email elementor-col-50 elementor-field-required\">\n\t\t\t\t\t\t\t\t\t\t\t\t<label for=\"form-field-email\" class=\"elementor-field-label\">\n\t\t\t\t\t\t\t\te-po\u00e7ta\t\t\t\t\t\t\t<\/label>\n\t\t\t\t\t\t\t\t\t\t\t\t\t\t<input size=\"1\" type=\"email\" name=\"form_fields[email]\" id=\"form-field-email\" class=\"elementor-field elementor-size-sm  elementor-field-textual\" placeholder=\"E-po\u00e7ta\u0148yzy \u00fdazy\u0148\" required=\"required\">\n\t\t\t\t\t\t\t\t\t\t\t<\/div>\n\t\t\t\t\t\t\t\t<div class=\"elementor-field-type-tel elementor-field-group elementor-column elementor-field-group-phone elementor-col-50\">\n\t\t\t\t\t\t\t\t\t\t\t\t<label for=\"form-field-phone\" class=\"elementor-field-label\">\n\t\t\t\t\t\t\t\ttelefon belgisi\t\t\t\t\t\t\t<\/label>\n\t\t\t\t\t\t\t\t<input size=\"1\" type=\"tel\" name=\"form_fields[phone]\" id=\"form-field-phone\" class=\"elementor-field elementor-size-sm  elementor-field-textual\" placeholder=\"Telefon belgi\u0148izi \u00fdazy\u0148\" pattern=\"[0-9()#&amp;+*-=.]+\" title=\"Only numbers and phone characters (#, -, *, etc) are accepted.\">\n\n\t\t\t\t\t\t<\/div>\n\t\t\t\t\t\t\t\t<div class=\"elementor-field-type-textarea elementor-field-group elementor-column elementor-field-group-message elementor-col-100\">\n\t\t\t\t\t\t\t\t\t\t\t\t<label for=\"form-field-message\" class=\"elementor-field-label\">\n\t\t\t\t\t\t\t\thabar\t\t\t\t\t\t\t<\/label>\n\t\t\t\t\t\t<textarea class=\"elementor-field-textual elementor-field  elementor-size-sm\" name=\"form_fields[message]\" id=\"form-field-message\" rows=\"4\" placeholder=\"Habary\u0148yzy \u00fdazy\u0148\"><\/textarea>\t\t\t\t<\/div>\n\t\t\t\t\t\t\t\t<div class=\"elementor-field-group elementor-column elementor-field-type-submit elementor-col-100 e-form__buttons\">\n\t\t\t\t\t<button class=\"elementor-button elementor-size-sm\" type=\"submit\">\n\t\t\t\t\t\t<span class=\"elementor-button-content-wrapper\">\n\t\t\t\t\t\t\t\t\t\t\t\t\t\t\t\t\t\t\t\t\t\t<span class=\"elementor-button-text\">iber<\/span>\n\t\t\t\t\t\t\t\t\t\t\t\t\t<\/span>\n\t\t\t\t\t<\/button>\n\t\t\t\t<\/div>\n\t\t\t<\/div>\n\t\t<\/form>\n\t\t\t\t\t\t<\/div>\n\t\t\t\t<\/div>\n\t\t\t\t<\/div>\n\t\t\t\t\t<\/div>\n\t\t\t\t<\/div>\n\t\t\t\t<\/div>\n\t\t","protected":false},"excerpt":{"rendered":"<p>e-po\u00e7ta info@unizones.com J\u00fcbi belgisi 00905347274508 sahypa Zafer mah 185.sok Babacan premium sitesi b Blook no: 4b daire 145 Esenyurt, Stambul, Turkuy I\u015f wagty Du\u015fenbe &#8211; Juma 8 AM &#8211; 5 PM \u015eenbe &#8211; Sundayek\u015fenbe 10 AM &#8211; 2 PM Du\u015fenbe &#8211; Juma 8 AM &#8211; 5 PM \u015eenbe &#8211; Sundayek\u015fenbe 10 AM &#8211; 2 PM [&hellip;]<\/p>\n","protected":false},"author":1,"featured_media":0,"parent":0,"menu_order":0,"comment_status":"closed","ping_status":"closed","template":"elementor_header_footer","meta":{"_acf_changed":false,"footnotes":""},"class_list":["post-2817","page","type-page","status-publish","hentry"],"acf":[],"_links":{"self":[{"href":"https:\/\/unizones.dev2.tqnia.me\/tur\/wp-json\/wp\/v2\/pages\/2817","targetHints":{"allow":["GET"]}}],"collection":[{"href":"https:\/\/unizones.dev2.tqnia.me\/tur\/wp-json\/wp\/v2\/pages"}],"about":[{"href":"https:\/\/unizones.dev2.tqnia.me\/tur\/wp-json\/wp\/v2\/types\/page"}],"author":[{"embeddable":true,"href":"https:\/\/unizones.dev2.tqnia.me\/tur\/wp-json\/wp\/v2\/users\/1"}],"replies":[{"embeddable":true,"href":"https:\/\/unizones.dev2.tqnia.me\/tur\/wp-json\/wp\/v2\/comments?post=2817"}],"version-history":[{"count":3,"href":"https:\/\/unizones.dev2.tqnia.me\/tur\/wp-json\/wp\/v2\/pages\/2817\/revisions"}],"predecessor-version":[{"id":2827,"href":"https:\/\/unizones.dev2.tqnia.me\/tur\/wp-json\/wp\/v2\/pages\/2817\/revisions\/2827"}],"wp:attachment":[{"href":"https:\/\/unizones.dev2.tqnia.me\/tur\/wp-json\/wp\/v2\/media?parent=2817"}],"curies":[{"name":"wp","href":"https:\/\/api.w.org\/{rel}","templated":true}]}}